{"id":31,"date":"2018-07-01T17:59:52","date_gmt":"2018-07-01T15:59:52","guid":{"rendered":"http:\/\/192.168.0.105\/wschodkultury\/2018\/?page_id=31"},"modified":"2018-08-20T09:11:25","modified_gmt":"2018-08-20T07:11:25","slug":"dla-mediow","status":"publish","type":"page","link":"https:\/\/edycje.innywymiar.bialystok.pl\/2018\/dla-mediow\/","title":{"rendered":"Dla medi\u00f3w"},"content":{"rendered":"<p>Zg\u0142oszenia po akredytacje medialne przyjmowane b\u0119d\u0105 <strong>od 20 do 27 sierpnia<\/strong> wy\u0142\u0105cznie poprzez kontakt mailowy na adres <a href=\"mailto:m.kalina@bok.bialystok.pl\" target=\"_blank\" rel=\"noopener\">m.kalina@bok.bialystok.pl<\/a>.<\/p>\n<p>W zg\u0142oszeniu prosimy poda\u0107 imi\u0119, nazwisko, telefon kontaktowy oraz dane redakcji \/ medi\u00f3w, kt\u00f3re Pa\u0144stwo reprezentujecie.<\/p>\n<p>O przyznaniu akredytacji decyduje koordynator (BOK) \u2013 liczba akredytacji jest ograniczona.<\/p>\n<p>O terminie i miejscu odbioru akredytacji poinformujemy po zako\u0144czeniu przyjmowania zg\u0142osze\u0144.<\/p>\n","protected":false},"excerpt":{"rendered":"<p>Zg\u0142oszenia po akredytacje medialne przyjmowane b\u0119d\u0105 od 20 do 27 sierpnia wy\u0142\u0105cznie poprzez kontakt mailowy na adres m.kalina@bok.bialystok.pl. W zg\u0142oszeniu prosimy poda\u0107 imi\u0119, nazwisko, telefon&#8230;<\/p>\n","protected":false},"author":1,"featured_media":104,"parent":0,"menu_order":0,"comment_status":"closed","ping_status":"closed","template":"","meta":{"footnotes":""},"class_list":["post-31","page","type-page","status-publish","has-post-thumbnail","hentry"],"aioseo_notices":[],"_links":{"self":[{"href":"https:\/\/edycje.innywymiar.bialystok.pl\/2018\/wp-json\/wp\/v2\/pages\/31","targetHints":{"allow":["GET"]}}],"collection":[{"href":"https:\/\/edycje.innywymiar.bialystok.pl\/2018\/wp-json\/wp\/v2\/pages"}],"about":[{"href":"https:\/\/edycje.innywymiar.bialystok.pl\/2018\/wp-json\/wp\/v2\/types\/page"}],"author":[{"embeddable":true,"href":"https:\/\/edycje.innywymiar.bialystok.pl\/2018\/wp-json\/wp\/v2\/users\/1"}],"replies":[{"embeddable":true,"href":"https:\/\/edycje.innywymiar.bialystok.pl\/2018\/wp-json\/wp\/v2\/comments?post=31"}],"version-history":[{"count":5,"href":"https:\/\/edycje.innywymiar.bialystok.pl\/2018\/wp-json\/wp\/v2\/pages\/31\/revisions"}],"predecessor-version":[{"id":574,"href":"https:\/\/edycje.innywymiar.bialystok.pl\/2018\/wp-json\/wp\/v2\/pages\/31\/revisions\/574"}],"wp:featuredmedia":[{"embeddable":true,"href":"https:\/\/edycje.innywymiar.bialystok.pl\/2018\/wp-json\/wp\/v2\/media\/104"}],"wp:attachment":[{"href":"https:\/\/edycje.innywymiar.bialystok.pl\/2018\/wp-json\/wp\/v2\/media?parent=31"}],"curies":[{"name":"wp","href":"https:\/\/api.w.org\/{rel}","templated":true}]}}