{"id":57,"date":"2018-07-02T22:07:09","date_gmt":"2018-07-02T20:07:09","guid":{"rendered":"http:\/\/192.168.0.105\/wschodkultury\/2018\/?page_id=57"},"modified":"2018-08-10T13:14:22","modified_gmt":"2018-08-10T11:14:22","slug":"program","status":"publish","type":"page","link":"https:\/\/edycje.innywymiar.bialystok.pl\/2018\/program\/","title":{"rendered":"Program"},"content":{"rendered":"<p>Godziny zako\u0144czenia wydarze\u0144 s\u0105 orientacyjne.<\/p>\n<p>Na wszystkie wydarzenia wst\u0119p jest wolny, ale z powodu ograniczonej liczby miejsc, w niekt\u00f3rych przypadkach obowi\u0105zuj\u0105 bezp\u0142atne wej\u015bci\u00f3wki. Informacje o wej\u015bci\u00f3wkach mo\u017cna znale\u017a\u0107 <a href=\"http:\/\/www.edycje.innywymiar.bialystok.pl\/2018\/news\/informacja-o-wejsciowkach\/\" target=\"_blank\" rel=\"noopener\">tutaj<\/a> i u organizator\u00f3w poszczeg\u00f3lnych wydarze\u0144.<\/p>\n<p>Organizatorzy zastrzegaj\u0105 sobie prawo do zmian w programie.<\/p>\n","protected":false},"excerpt":{"rendered":"<p>Godziny zako\u0144czenia wydarze\u0144 s\u0105 orientacyjne. Na wszystkie wydarzenia wst\u0119p jest wolny, ale z powodu ograniczonej liczby miejsc, w niekt\u00f3rych przypadkach obowi\u0105zuj\u0105 bezp\u0142atne wej\u015bci\u00f3wki. Informacje o&#8230;<\/p>\n","protected":false},"author":1,"featured_media":102,"parent":0,"menu_order":0,"comment_status":"closed","ping_status":"closed","template":"page-templates\/programme.php","meta":{"footnotes":""},"class_list":["post-57","page","type-page","status-publish","has-post-thumbnail","hentry"],"aioseo_notices":[],"_links":{"self":[{"href":"https:\/\/edycje.innywymiar.bialystok.pl\/2018\/wp-json\/wp\/v2\/pages\/57","targetHints":{"allow":["GET"]}}],"collection":[{"href":"https:\/\/edycje.innywymiar.bialystok.pl\/2018\/wp-json\/wp\/v2\/pages"}],"about":[{"href":"https:\/\/edycje.innywymiar.bialystok.pl\/2018\/wp-json\/wp\/v2\/types\/page"}],"author":[{"embeddable":true,"href":"https:\/\/edycje.innywymiar.bialystok.pl\/2018\/wp-json\/wp\/v2\/users\/1"}],"replies":[{"embeddable":true,"href":"https:\/\/edycje.innywymiar.bialystok.pl\/2018\/wp-json\/wp\/v2\/comments?post=57"}],"version-history":[{"count":7,"href":"https:\/\/edycje.innywymiar.bialystok.pl\/2018\/wp-json\/wp\/v2\/pages\/57\/revisions"}],"predecessor-version":[{"id":557,"href":"https:\/\/edycje.innywymiar.bialystok.pl\/2018\/wp-json\/wp\/v2\/pages\/57\/revisions\/557"}],"wp:featuredmedia":[{"embeddable":true,"href":"https:\/\/edycje.innywymiar.bialystok.pl\/2018\/wp-json\/wp\/v2\/media\/102"}],"wp:attachment":[{"href":"https:\/\/edycje.innywymiar.bialystok.pl\/2018\/wp-json\/wp\/v2\/media?parent=57"}],"curies":[{"name":"wp","href":"https:\/\/api.w.org\/{rel}","templated":true}]}}