{"id":15,"date":"2019-06-25T09:23:33","date_gmt":"2019-06-25T07:23:33","guid":{"rendered":"http:\/\/www.edycje.innywymiar.bialystok.pl\/2019\/?page_id=15"},"modified":"2019-07-29T12:11:38","modified_gmt":"2019-07-29T10:11:38","slug":"kontakt","status":"publish","type":"page","link":"https:\/\/edycje.innywymiar.bialystok.pl\/2019\/kontakt\/","title":{"rendered":"Kontakt"},"content":{"rendered":"<p><strong>Koordynator festiwalu:<\/strong><\/p>\n<p>Bia\u0142ostocki O\u015brodek Kultury<br \/>ul. Legionowa 5,<br \/>15-281 Bia\u0142ystok<br \/><a href=\"mailto:impresariat@bok.bialystok.pl\" target=\"_blank\" rel=\"noopener noreferrer\">impresariat@bok.bialystok.pl<\/a><br \/>NIP:\u00a0542-326-47-95<br \/>REGON:\u00a0366210700<br \/>Nr RIK:\u00a009\/17<\/p>\n<p><b>Koordynator:<\/b><\/p>\n<p>Mariusz Bieciuk<br \/><a href=\"mailto:bieciuk@centrumzamenhofa.pl\" target=\"_blank\" rel=\"noopener noreferrer\">bieciuk@centrumzamenhofa.pl<\/a><\/p>\n<p><i>Bia\u0142ostocki O\u015brodek Kultury jest miejsk\u0105 instytucj\u0105 kultury.\u00a0<\/i><i>Festiwal realizowany ze \u015brodk\u00f3w Ministerstwa Kultury i Dziedzictwa Narodowego oraz Miasta Bia\u0142ystok, pod Honorowym Patronatem Prezydenta Miasta Bia\u0142egostoku.<\/i><\/p>\n","protected":false},"excerpt":{"rendered":"<p>Koordynator festiwalu: Bia\u0142ostocki O\u015brodek Kulturyul. Legionowa 5,15-281 Bia\u0142ystokimpresariat@bok.bialystok.plNIP:\u00a0542-326-47-95REGON:\u00a0366210700Nr RIK:\u00a009\/17 Koordynator: Mariusz Bieciukbieciuk@centrumzamenhofa.pl Bia\u0142ostocki O\u015brodek Kultury jest miejsk\u0105 instytucj\u0105 kultury.\u00a0Festiwal realizowany ze \u015brodk\u00f3w Ministerstwa Kultury i&#8230;<\/p>\n","protected":false},"author":1,"featured_media":6,"parent":0,"menu_order":0,"comment_status":"closed","ping_status":"closed","template":"","meta":{"footnotes":""},"class_list":["post-15","page","type-page","status-publish","has-post-thumbnail","hentry"],"aioseo_notices":[],"_links":{"self":[{"href":"https:\/\/edycje.innywymiar.bialystok.pl\/2019\/wp-json\/wp\/v2\/pages\/15","targetHints":{"allow":["GET"]}}],"collection":[{"href":"https:\/\/edycje.innywymiar.bialystok.pl\/2019\/wp-json\/wp\/v2\/pages"}],"about":[{"href":"https:\/\/edycje.innywymiar.bialystok.pl\/2019\/wp-json\/wp\/v2\/types\/page"}],"author":[{"embeddable":true,"href":"https:\/\/edycje.innywymiar.bialystok.pl\/2019\/wp-json\/wp\/v2\/users\/1"}],"replies":[{"embeddable":true,"href":"https:\/\/edycje.innywymiar.bialystok.pl\/2019\/wp-json\/wp\/v2\/comments?post=15"}],"version-history":[{"count":3,"href":"https:\/\/edycje.innywymiar.bialystok.pl\/2019\/wp-json\/wp\/v2\/pages\/15\/revisions"}],"predecessor-version":[{"id":50,"href":"https:\/\/edycje.innywymiar.bialystok.pl\/2019\/wp-json\/wp\/v2\/pages\/15\/revisions\/50"}],"wp:featuredmedia":[{"embeddable":true,"href":"https:\/\/edycje.innywymiar.bialystok.pl\/2019\/wp-json\/wp\/v2\/media\/6"}],"wp:attachment":[{"href":"https:\/\/edycje.innywymiar.bialystok.pl\/2019\/wp-json\/wp\/v2\/media?parent=15"}],"curies":[{"name":"wp","href":"https:\/\/api.w.org\/{rel}","templated":true}]}}