{"id":5,"date":"2019-06-23T22:12:46","date_gmt":"2019-06-23T20:12:46","guid":{"rendered":"http:\/\/www.edycje.innywymiar.bialystok.pl\/2019\/?page_id=5"},"modified":"2019-08-02T14:53:16","modified_gmt":"2019-08-02T12:53:16","slug":"o-festiwalu","status":"publish","type":"page","link":"https:\/\/edycje.innywymiar.bialystok.pl\/2019\/o-festiwalu\/","title":{"rendered":"O festiwalu"},"content":{"rendered":"<p><strong>Koniec wakacji z Innym Wymiarem!<\/strong><\/p>\n<p>Tegoroczny Wsch\u00f3d Kultury, po ods\u0142onie rzeszowskiej (21-23 czerwca) i lubelskiej (27-30 czerwca) zako\u0144czy w Bia\u0142ymstoku Inny Wymiar, kt\u00f3ry potrwa <strong>od 29 sierpnia do 1 wrze\u015bnia<\/strong>.<\/p>\n<p>Podczas festiwalu swoj\u0105 tw\u00f3rczo\u015b\u0107 prezentuj\u0105 zawsze arty\u015bci wywodz\u0105cy si\u0119 z r\u00f3\u017cnych narodowo\u015bci i kultur, r\u00f3wnie\u017c tych, kt\u00f3re wsp\u00f3\u0142tworzy\u0142y w przesz\u0142o\u015bci histori\u0119 i kultur\u0119 regionu.<\/p>\n<p>W programie znajdzie si\u0119 mn\u00f3stwo wydarze\u0144: koncerty, wystawy, spektakle, filmy, spacery edukacyjny i muzyczno-historyczny oraz dzia\u0142ania familijne dla ca\u0142ej rodziny. Koordynatorem festiwalu jest Bia\u0142ostocki O\u015brodek Kultury.<\/p>\n<p>Festiwal Inny Wymiar od 2013 roku odbywa si\u0119 w ramach projektu Wsch\u00f3d Kultury, kt\u00f3ry integruje \u015brodowiska artystyczne miast Polski Wschodniej i artyst\u00f3w kraj\u00f3w Partnerstwa Wschodniego (Armenii, Azerbejd\u017canu, Bia\u0142orusi, Gruzji, Mo\u0142dawii i Ukrainy).<\/p>\n<p>Wsch\u00f3d Kultury jest realizowany przez Ministerstwo Kultury i Dziedzictwa Narodowego, Narodowe Centrum Kultury oraz miasta: Rzesz\u00f3w, Lublin i Bia\u0142ystok. Przedsi\u0119wzi\u0119cie odbywa si\u0119 dzi\u0119ki zaanga\u017cowaniu \u015brodowisk tw\u00f3rczych, samorz\u0105d\u00f3w wschodniej Polski.<\/p>\n<p><strong>Organizatorzy:<\/strong><br \/>Ministerstwo Kultury i Dziedzictwa Narodowego<br \/>Narodowe Centrum Kultury<br \/>Miasto Bia\u0142ystok<br \/>Bia\u0142ostocki O\u015brodek Kultury<\/p>\n<p><strong>Partnerzy:<\/strong><br \/>Bia\u0142ostocki Teatr Lalek<br \/>Fundacja Pro Anima<br \/>DanceOFFnia Studio Dzia\u0142a\u0144 Kreatywnych<br \/>Galeria Arsena\u0142 w Bia\u0142ymstoku<br \/>Galeria im. Sle\u0144dzi\u0144skich w Bia\u0142ymstoku<br \/>Maria \u017bynel i Julita Charytoniuk<br \/>Stowarzyszenie Kulturalne \u201cPoczt\u00f3wka\u201d<br \/>Stowarzyszenie na rzecz Dzieci i M\u0142odzie\u017cy Ucz\u0105cych si\u0119 J\u0119zyka Bia\u0142oruskiego &#8222;AB-BA&#8221;<br \/>Stowarzyszenie Pogotowie Kulturalno Spo\u0142eczne<br \/>Bia\u0142ostockie Towarzystwo Fotograficzne<br \/>Instytut Ukrai\u0144ski<br \/>Program Wsp\u00f3\u0142pracy Transgranicznej Polska \u2013 Bia\u0142oru\u015b \u2013 Ukraina 2014\u20132020<\/p>\n<p><strong>Patronat Honorowy:<\/strong><br \/>Prezydent Miasta Bia\u0142egostoku<\/p>\n<p><strong>Patroni medialni:<\/strong><br \/>Kultura Dost\u0119pna<br \/>Gazeta Wyborcza Bia\u0142ystok<br \/>Gazeta Wyborcza<br \/>Kurier Poranny<br \/>Bia\u0142ystokOnline.pl<br \/>TVP3 Bia\u0142ystok<br \/>Polskie Radio Bia\u0142ystok<\/p>\n<p><strong>Sponsorzy:<\/strong><br \/>Augustowianka<br \/>Browar Waszczukowe<\/p>\n<p><a href=\"http:\/\/wschodkultury.eu\/\" target=\"_blank\" rel=\"noopener noreferrer\">Wsch\u00f3d Kultury<\/a><br \/><a href=\"http:\/\/stadionkultury.pl\/\" target=\"_blank\" rel=\"noopener noreferrer\">Europejski Stadion Kultury &#8211; Rzesz\u00f3w<\/a><br \/><a href=\"https:\/\/www.innebrzmienia.eu\/\" target=\"_blank\" rel=\"noopener noreferrer\">Inne Brzmienia Art&amp;Music Festival &#8211; Lublin<\/a><\/p>\n","protected":false},"excerpt":{"rendered":"<p>Koniec wakacji z Innym Wymiarem! Tegoroczny Wsch\u00f3d Kultury, po ods\u0142onie rzeszowskiej (21-23 czerwca) i lubelskiej (27-30 czerwca) zako\u0144czy w Bia\u0142ymstoku Inny Wymiar, kt\u00f3ry potrwa od&#8230;<\/p>\n","protected":false},"author":1,"featured_media":6,"parent":0,"menu_order":0,"comment_status":"closed","ping_status":"closed","template":"","meta":{"footnotes":""},"class_list":["post-5","page","type-page","status-publish","has-post-thumbnail","hentry"],"aioseo_notices":[],"_links":{"self":[{"href":"https:\/\/edycje.innywymiar.bialystok.pl\/2019\/wp-json\/wp\/v2\/pages\/5","targetHints":{"allow":["GET"]}}],"collection":[{"href":"https:\/\/edycje.innywymiar.bialystok.pl\/2019\/wp-json\/wp\/v2\/pages"}],"about":[{"href":"https:\/\/edycje.innywymiar.bialystok.pl\/2019\/wp-json\/wp\/v2\/types\/page"}],"author":[{"embeddable":true,"href":"https:\/\/edycje.innywymiar.bialystok.pl\/2019\/wp-json\/wp\/v2\/users\/1"}],"replies":[{"embeddable":true,"href":"https:\/\/edycje.innywymiar.bialystok.pl\/2019\/wp-json\/wp\/v2\/comments?post=5"}],"version-history":[{"count":6,"href":"https:\/\/edycje.innywymiar.bialystok.pl\/2019\/wp-json\/wp\/v2\/pages\/5\/revisions"}],"predecessor-version":[{"id":276,"href":"https:\/\/edycje.innywymiar.bialystok.pl\/2019\/wp-json\/wp\/v2\/pages\/5\/revisions\/276"}],"wp:featuredmedia":[{"embeddable":true,"href":"https:\/\/edycje.innywymiar.bialystok.pl\/2019\/wp-json\/wp\/v2\/media\/6"}],"wp:attachment":[{"href":"https:\/\/edycje.innywymiar.bialystok.pl\/2019\/wp-json\/wp\/v2\/media?parent=5"}],"curies":[{"name":"wp","href":"https:\/\/api.w.org\/{rel}","templated":true}]}}