{"id":40,"date":"2020-06-08T09:07:03","date_gmt":"2020-06-08T07:07:03","guid":{"rendered":"http:\/\/www.edycje.innywymiar.bialystok.pl\/2020\/?page_id=40"},"modified":"2020-06-08T09:07:03","modified_gmt":"2020-06-08T07:07:03","slug":"rodo","status":"publish","type":"page","link":"https:\/\/edycje.innywymiar.bialystok.pl\/2020\/rodo\/","title":{"rendered":"RODO"},"content":{"rendered":"<p>Szanowni Pa\u0144stwo, <br \/>od dnia 25 maja 2018 r. obowi\u0105zuje Rozporz\u0105dzenie Parlamentu Europejskiego i Rady (UE) w sprawie ochrony os\u00f3b fizycznych w zwi\u0105zku z przetwarzaniem danych osobowych i w sprawie swobodnego przep\u0142ywu takich danych, okre\u015blane jako RODO.<\/p>\n<p>W zwi\u0105zku z tym, chcemy poinformowa\u0107 Ci\u0119 o zasadach przetwarzania przez Bia\u0142ostocki O\u015brodek Kultury Twoich danych osobowych oraz o przys\u0142uguj\u0105cych Ci w zwi\u0105zku z tym prawach. Zale\u017cy nam, aby\u015b mia\u0142 kompletn\u0105 wiedz\u0119, a tym samym pe\u0142en komfort korzystania z serwis\u00f3w i system\u00f3w Bia\u0142ostockiego O\u015brodka Kultury. Dlatego zanim rozpoczniesz korzystanie z naszych stron i platform, prosimy Ci\u0119 o zapoznanie z poni\u017cszymi informacjami.<\/p>\n<p>Jednocze\u015bnie zapewniamy, \u017ce nale\u017cycie dbamy o Twoj\u0105 prywatno\u015b\u0107 i w \u017caden spos\u00f3b nie zwi\u0119kszamy naszych uprawnie\u0144. Twoje dane osobowe s\u0105 u nas bezpieczne, a zgod\u0119 na ich zbieranie i przetwarzanie mo\u017cesz wycofa\u0107 w ka\u017cdej chwili, zgodnie z postanowieniami poni\u017cszej.<\/p>\n<p><strong>Gromadzenie i przetwarzanie danych osobowych<br \/><\/strong> Odwiedzaj\u0105c nasz\u0105 stron\u0119 internetow\u0105 zapisujemy mi\u0119dzy innymi informacje o stosowanej przez Ciebie przegl\u0105darce internetowej, systemie operacyjnym, adresie strony internetowej, z kt\u00f3rej do nas przychodzisz, adresie stron internetowych, kt\u00f3re u nas odwiedzasz, dat\u0119 wizyty na naszej witrynie, a tak\u017ce adres IP przydzielany Tobie przez Twojego dostawc\u0119 us\u0142ug internetowych.<\/p>\n<p>Bia\u0142ostocki O\u015brodek Kultury wykorzystuje tak zwane plug-ins portali spo\u0142eczno\u015bciowych, jak np. Facebook, LinkedIn. Na naszej witrynie internetowej takie prze\u0142\u0105czniki s\u0105 standardowo wy\u0142\u0105czone, tzn. bez Twojego udzia\u0142u nie wysy\u0142aj\u0105 jakichkolwiek danych do portali spo\u0142eczno\u015bciowych. Korzystanie z prze\u0142\u0105cznik\u00f3w mo\u017cliwe jest dopiero po ich uaktywnieniu klikni\u0119ciem myszk\u0105. Prze\u0142\u0105cznik pozostaje aktywny tak d\u0142ugo, a\u017c nie zostanie wy\u0142\u0105czony lub nie skasujesz swoich cookies. Bia\u0142ostocki O\u015brodek Kultury wykorzystuje tak\u017ce rozwi\u0105zania takie jak Facebook Pixel, kod remarketingowy Google w celu dostarczania informacji marketingowych i ulepszania serwisu.<\/p>\n<p><strong>Informacja o ochronie danych osobowych <br \/><\/strong>Bia\u0142ostocki O\u015brodek Kultury , ul. Legionowa 5, 15-281 Bia\u0142ystok jako administrator danych osobowych, gromadzi Pa\u0144stwa dane osobowe uzyskane podczas zawierania z Pa\u0144stwem umowy oraz w trakcie jej trwania, w szczeg\u00f3lno\u015bci:<\/p>\n<ul>\n<li>imi\u0119 (imiona) i nazwisko, adres e-mail, adres do kontaktu, firma reprezentowanego podmiotu, numer telefonu, stanowisko,<\/li>\n<li>w przypadku przedsi\u0119biorc\u00f3w przetwarzamy dodatkowo: NIP, REGON, adres siedziby, numer rachunku bankowego,<\/li>\n<\/ul>\n<p>Gromadzimy Pa\u0144stwa Dane osobowe w nast\u0119puj\u0105cych celach:<\/p>\n<ul>\n<li>zawierania i realizacji \u0142\u0105cz\u0105cej nas umowy oraz \u015bwiadczenia dla Pa\u0144stwa oferowanych przez nas us\u0142ug, w tym w szczeg\u00f3lno\u015bci i realizacji p\u0142atno\u015bci, obs\u0142ugi reklamacji,<\/li>\n<li>realizacji obowi\u0105zk\u00f3w Bia\u0142ostockiego O\u015brodka Kultury przewidzianych prawem, w tym w szczeg\u00f3lno\u015bci wystawiania i przechowywania faktur oraz dokument\u00f3w ksi\u0119gowych, oraz dla cel\u00f3w archiwizacyjnych<\/li>\n<li>ochrony praw Bia\u0142ostockiego O\u015brodka Kultury zgodnie z przepisami prawa, w tym w szczeg\u00f3lno\u015bci dochodzenia zaleg\u0142ych p\u0142atno\u015bci w ramach proces\u00f3w windykacyjnych i proces\u00f3w s\u0105dowych,<\/li>\n<li>uzasadnionego interesu Bia\u0142ostockiego O\u015brodka Kultury w rozumieniu przepis\u00f3w o ochronie danych osobowych, w tym prowadzenia marketingu produkt\u00f3w i us\u0142ug Bia\u0142ostockiego O\u015brodka Kultury (marketing bezpo\u015bredni),<\/li>\n<li>przeprowadzania dzia\u0142a\u0144 marketingowych oraz przesy\u0142ania informacji handlowych w przypadku wyra\u017cenia przez Pa\u0144stwa osobnych zg\u00f3d.<\/li>\n<\/ul>\n<p>Bia\u0142ostocki O\u015brodek Kultury mo\u017ce przekazywa\u0107 Dane osobowe nast\u0119puj\u0105cym osobom trzecim dla cel\u00f3w wskazanych w niniejszym dokumencie:<\/p>\n<ul>\n<li>podmiotom, z kt\u00f3rymi Bia\u0142ostocki O\u015brodek Kultury. ma zawart\u0105 umow\u0119 wsp\u00f3\u0142pracy w celu realizacji \u0142\u0105cz\u0105cej nas umowy, realizacji obowi\u0105zk\u00f3w Bia\u0142ostockiego O\u015brodka Kultury przewidzianych prawem, ochrony praw zgodnie z przepisami prawa oraz realizacji uzasadnionego interesu Bia\u0142ostockiego O\u015brodka Kultury w rozumieniu przepis\u00f3w o ochronie danych osobowych; w szczeg\u00f3lno\u015bci Bia\u0142ostocki O\u015brodek Kultury mo\u017ce przekazywa\u0107 Pa\u0144stwa Dane osobowe podmiotom takim jak: banki, firmy windykacyjne, podmioty \u015bwiadcz\u0105ce us\u0142ugi ksi\u0119gowe, sp\u00f3\u0142ki \u015bwiadcz\u0105ce us\u0142ugi pocztowe i kurierskie, firmy, z kt\u00f3rymi wsp\u00f3\u0142pracujemy w celu \u015bwiadczenia us\u0142ug marketingowych. Podmioty takie b\u0119d\u0105 zobowi\u0105zane na mocy zawartych z Bia\u0142ostockim O\u015brodkiem Kultury um\u00f3w do stosowania odpowiednich \u015brodk\u00f3w bezpiecze\u0144stwa, technicznych i organizacyjnych, aby chroni\u0107 Dane osobowe oraz przetwarza\u0107 je wy\u0142\u0105cznie zgodnie z instrukcjami przekazanymi przez Bia\u0142ostocki O\u015brodek Kultury;<\/li>\n<li>organom nadzoruj\u0105cym, organom w\u0142adzy i innym osobom trzecim; w przypadku gdy jest to niezb\u0119dne dla realizacji cel\u00f3w wskazanych powy\u017cej oraz wype\u0142nienia obowi\u0105zk\u00f3w na\u0142o\u017conych prawem, Dane osobowe mog\u0105 by\u0107 przekazywane organom nadzoruj\u0105cym, s\u0105dom i innym organom w\u0142adzy (np. organom podatkowym i organom \u015bcigania), niezale\u017cnym doradcom zewn\u0119trznym (np. audytorom) lub podmiotom udzielaj\u0105cym \u015bwiadcze\u0144.<\/li>\n<\/ul>\n<p>Bia\u0142ostocki O\u015brodka Kultury zobowi\u0105zuje si\u0119 stosowa\u0107 odpowiednie \u015brodki bezpiecze\u0144stwa, zar\u00f3wno techniczne jak i organizacyjne, aby chroni\u0107 Pa\u0144stwa Dane osobowe. Dane osobowe b\u0119d\u0105 przechowywane wy\u0142\u0105cznie przez czas niezb\u0119dny do osi\u0105gni\u0119cia cel\u00f3w, dla kt\u00f3rych dane te s\u0105 gromadzone, wykonania obowi\u0105zk\u00f3w wynikaj\u0105cych z przepis\u00f3w prawa, maksymalnie przez okres zabezpieczenia materia\u0142\u00f3w niezb\u0119dnych dla post\u0119powa\u0144 prawnych (w tym podatkowych) oraz do czasu ewentualnego przedawnienia roszcze\u0144 Pa\u0144stwa i Bia\u0142ostockiego O\u015brodka Kultury.<\/p>\n<p>Ponadto, macie Pa\u0144stwo prawo do:<\/p>\n<ul>\n<li><strong>wniesienia sprzeciwu wobec przetwarzania danych<\/strong> W przypadku, kiedy przetwarzamy dane ze wzgl\u0119du na nasz uzasadniony interes, z kt\u00f3rym si\u0119 Pa\u0144stwo nie zgadzacie. Je\u015bli sprzeciw oka\u017ce si\u0119 zasadny, dane zostan\u0105 usuni\u0119te.<\/li>\n<li><strong>sprostowania (poprawienia) danych<\/strong> W przypadku, kiedy przetwarzane dane s\u0105 nieprawid\u0142owe lub niekompletne.<\/li>\n<li><strong>usuni\u0119cia danych (bycia zapomnianym)<\/strong> Mo\u017cna \u017c\u0105da\u0107 usuni\u0119cia swoich danych osobowych w sytuacjach:\n<ul>\n<li>kiedy zosta\u0142a wycofana zgoda, w oparciu o kt\u00f3r\u0105 przetwarzano dane osobowe;<\/li>\n<li>kiedy dane nie s\u0105 niezb\u0119dne do cel\u00f3w, dla kt\u00f3rych zosta\u0142y zebrane;<\/li>\n<li>wniesiono sprzeciw wobec przetwarzania danych;<\/li>\n<li>kiedy dane osobowe s\u0105 przetwarzane niezgodnie z prawem.<\/li>\n<\/ul>\n<\/li>\n<li><strong>ograniczenia przetwarzania<\/strong> Mo\u017cna \u017c\u0105da\u0107 aby\u015bmy nie przetwarzali okre\u015blonych danych osobowych (poza ich przechowywaniem), ale nie dokonuj\u0105c ca\u0142kowitego ich usuni\u0119cia.<\/li>\n<li><strong>dost\u0119pu do danych<\/strong> Prawo pozwala na uzyskanie informacji czy Bia\u0142ostocki O\u015brodek Kultury przetwarza dane osobowe, jakie dane s\u0105 przetwarzane, w jakim celu i w jakim czasie oraz uzyskania kopii swoich danych osobowych.<\/li>\n<li><strong>przeniesienia danych<\/strong> Mo\u017cna wyst\u0105pi\u0107 z pro\u015bb\u0105 o przygotowanie danych, jakie s\u0105 w posiadaniu Bia\u0142ostockiego O\u015brodka Kultury w formie ustrukturyzowanej, w formacie powszechnie nadaj\u0105cym si\u0119 do odczytu maszynowego i\/lub poprosi\u0107 o ich przeniesienie do innego Administratora danych.<\/li>\n<li><strong>wniesienia skargi<\/strong> Wniesienie skargi do organu nadzorczego zajmuj\u0105cego si\u0119 ochron\u0105 danych osobowych, gdy uznacie, \u017ce przetwarzanie Pa\u0144stwa danych osobowych narusza przepisy Rozporz\u0105dzenia 2016\/679;<\/li>\n<\/ul>\n<p>W przypadku jakichkolwiek pyta\u0144 dotycz\u0105cych Danych osobowych lub wykonywania praw w zakresie podmiotu danych, prosimy o informacj\u0119 na adres email: Rafa\u0142 Nalewajko <a href=\"mailto:iod@bok.bialystok.pl\" target=\"_blank\" rel=\"noopener noreferrer\">iod@bok.bialystok.pl<\/a>.<\/p>\n<p>Informujemy o mo\u017cliwo\u015bci okresowej aktualizacji niniejszej Informacji zgodnie z obowi\u0105zuj\u0105cym prawem (np. je\u015bli wdra\u017camy nowe systemy lub procesy, kt\u00f3re wi\u0105\u017c\u0105 si\u0119 z wykorzystaniem danych osobowych) i w takim przypadku b\u0119dziemy odpowiednio informowa\u0107 Pa\u0144stwa o wprowadzanych zmianach.<\/p>\n","protected":false},"excerpt":{"rendered":"<p>Szanowni Pa\u0144stwo, od dnia 25 maja 2018 r. obowi\u0105zuje Rozporz\u0105dzenie Parlamentu Europejskiego i Rady (UE) w sprawie ochrony os\u00f3b fizycznych w zwi\u0105zku z przetwarzaniem danych&#8230;<\/p>\n","protected":false},"author":1,"featured_media":19,"parent":0,"menu_order":0,"comment_status":"closed","ping_status":"closed","template":"","meta":{"footnotes":""},"class_list":["post-40","page","type-page","status-publish","has-post-thumbnail","hentry"],"aioseo_notices":[],"_links":{"self":[{"href":"https:\/\/edycje.innywymiar.bialystok.pl\/2020\/wp-json\/wp\/v2\/pages\/40","targetHints":{"allow":["GET"]}}],"collection":[{"href":"https:\/\/edycje.innywymiar.bialystok.pl\/2020\/wp-json\/wp\/v2\/pages"}],"about":[{"href":"https:\/\/edycje.innywymiar.bialystok.pl\/2020\/wp-json\/wp\/v2\/types\/page"}],"author":[{"embeddable":true,"href":"https:\/\/edycje.innywymiar.bialystok.pl\/2020\/wp-json\/wp\/v2\/users\/1"}],"replies":[{"embeddable":true,"href":"https:\/\/edycje.innywymiar.bialystok.pl\/2020\/wp-json\/wp\/v2\/comments?post=40"}],"version-history":[{"count":1,"href":"https:\/\/edycje.innywymiar.bialystok.pl\/2020\/wp-json\/wp\/v2\/pages\/40\/revisions"}],"predecessor-version":[{"id":41,"href":"https:\/\/edycje.innywymiar.bialystok.pl\/2020\/wp-json\/wp\/v2\/pages\/40\/revisions\/41"}],"wp:featuredmedia":[{"embeddable":true,"href":"https:\/\/edycje.innywymiar.bialystok.pl\/2020\/wp-json\/wp\/v2\/media\/19"}],"wp:attachment":[{"href":"https:\/\/edycje.innywymiar.bialystok.pl\/2020\/wp-json\/wp\/v2\/media?parent=40"}],"curies":[{"name":"wp","href":"https:\/\/api.w.org\/{rel}","templated":true}]}}