{"id":42,"date":"2020-06-08T09:08:08","date_gmt":"2020-06-08T07:08:08","guid":{"rendered":"http:\/\/www.edycje.innywymiar.bialystok.pl\/2020\/?page_id=42"},"modified":"2020-08-12T11:29:37","modified_gmt":"2020-08-12T09:29:37","slug":"dla-mediow","status":"publish","type":"page","link":"https:\/\/edycje.innywymiar.bialystok.pl\/2020\/dla-mediow\/","title":{"rendered":"Dla medi\u00f3w"},"content":{"rendered":"<p><strong>MATERIA\u0141Y DO POBRANIA<\/strong><\/p>\n<p><strong>Program festiwalu<\/strong><br \/><a href=\"http:\/\/www.edycje.innywymiar.bialystok.pl\/2020\/wp-content\/uploads\/sites\/5\/2020\/08\/wschod-kultury-inny-wymiar-2020-harmonogram-1.pdf\" target=\"_blank\" rel=\"noopener noreferrer\">Wsch\u00f3d Kultury Inny Wymiar 2020 &#8211; harmonogram<\/a><\/p>\n<p><strong>Festiwalowe wydarzenia \/ Wymiary<\/strong><br \/><a href=\"http:\/\/www.edycje.innywymiar.bialystok.pl\/2020\/wp-content\/uploads\/sites\/5\/2020\/08\/wschod-kultury-inny-wymiar-2020-wydarzenia.pdf\" target=\"_blank\" rel=\"noopener noreferrer\">Wsch\u00f3d Kultury Inny Wymiar 2020 &#8211; wydarzenia<\/a><\/p>\n<p><strong>Zdj\u0119cia<\/strong><\/p>\n<p><a href=\"https:\/\/bok.bialystok.pl\/pliki\/WK-IW-2020_Foto-1.zip\" target=\"_blank\" rel=\"noopener noreferrer\">WK-IW 2020_Foto<\/a><\/p>\n<p><strong>Plakat festiwalu<\/strong><\/p>\n<p><img loading=\"lazy\" decoding=\"async\" class=\"alignnone wp-image-365 size-full\" src=\"http:\/\/www.edycje.innywymiar.bialystok.pl\/2020\/wp-content\/uploads\/sites\/5\/2020\/08\/wschod-kultury_inny-wymiar-2020-plakat.jpg\" alt=\"\" width=\"1000\" height=\"1428\" srcset=\"https:\/\/edycje.innywymiar.bialystok.pl\/2020\/wp-content\/uploads\/sites\/5\/2020\/08\/wschod-kultury_inny-wymiar-2020-plakat.jpg 1000w, https:\/\/edycje.innywymiar.bialystok.pl\/2020\/wp-content\/uploads\/sites\/5\/2020\/08\/wschod-kultury_inny-wymiar-2020-plakat-336x480.jpg 336w, https:\/\/edycje.innywymiar.bialystok.pl\/2020\/wp-content\/uploads\/sites\/5\/2020\/08\/wschod-kultury_inny-wymiar-2020-plakat-756x1080.jpg 756w, https:\/\/edycje.innywymiar.bialystok.pl\/2020\/wp-content\/uploads\/sites\/5\/2020\/08\/wschod-kultury_inny-wymiar-2020-plakat-768x1097.jpg 768w\" sizes=\"auto, (max-width: 1000px) 100vw, 1000px\" \/><\/p>\n<p><strong>Plakat w wersji pdf: <a href=\"http:\/\/www.edycje.innywymiar.bialystok.pl\/2020\/wp-content\/uploads\/sites\/5\/2020\/08\/plakat_wk-iw_2020.pdf\" target=\"_blank\" rel=\"noopener noreferrer\">Plakat_WK IW_2020<\/a><\/p>\n<p>Trailer<\/p>\n<p><iframe loading=\"lazy\" src=\"https:\/\/www.youtube.com\/embed\/w4tc7gDJ_sc\" width=\"560\" height=\"315\" frameborder=\"0\" allowfullscreen=\"allowfullscreen\"><\/iframe><br \/><\/strong><\/p>\n<p><b>W tym roku z powodu trudnych warunk\u00f3w organizacyjnych zwi\u0105zanych z pandemi\u0105 liczba akredytacji medialnych jest bardzo ograniczona i nie planujemy otwartego naboru na nie.<\/b><\/p>\n<p>&nbsp;<\/p>\n","protected":false},"excerpt":{"rendered":"<p>MATERIA\u0141Y DO POBRANIA Program festiwaluWsch\u00f3d Kultury Inny Wymiar 2020 &#8211; harmonogram Festiwalowe wydarzenia \/ WymiaryWsch\u00f3d Kultury Inny Wymiar 2020 &#8211; wydarzenia Zdj\u0119cia WK-IW 2020_Foto Plakat&#8230;<\/p>\n","protected":false},"author":1,"featured_media":19,"parent":0,"menu_order":0,"comment_status":"closed","ping_status":"closed","template":"","meta":{"footnotes":""},"class_list":["post-42","page","type-page","status-publish","has-post-thumbnail","hentry"],"aioseo_notices":[],"_links":{"self":[{"href":"https:\/\/edycje.innywymiar.bialystok.pl\/2020\/wp-json\/wp\/v2\/pages\/42","targetHints":{"allow":["GET"]}}],"collection":[{"href":"https:\/\/edycje.innywymiar.bialystok.pl\/2020\/wp-json\/wp\/v2\/pages"}],"about":[{"href":"https:\/\/edycje.innywymiar.bialystok.pl\/2020\/wp-json\/wp\/v2\/types\/page"}],"author":[{"embeddable":true,"href":"https:\/\/edycje.innywymiar.bialystok.pl\/2020\/wp-json\/wp\/v2\/users\/1"}],"replies":[{"embeddable":true,"href":"https:\/\/edycje.innywymiar.bialystok.pl\/2020\/wp-json\/wp\/v2\/comments?post=42"}],"version-history":[{"count":18,"href":"https:\/\/edycje.innywymiar.bialystok.pl\/2020\/wp-json\/wp\/v2\/pages\/42\/revisions"}],"predecessor-version":[{"id":417,"href":"https:\/\/edycje.innywymiar.bialystok.pl\/2020\/wp-json\/wp\/v2\/pages\/42\/revisions\/417"}],"wp:featuredmedia":[{"embeddable":true,"href":"https:\/\/edycje.innywymiar.bialystok.pl\/2020\/wp-json\/wp\/v2\/media\/19"}],"wp:attachment":[{"href":"https:\/\/edycje.innywymiar.bialystok.pl\/2020\/wp-json\/wp\/v2\/media?parent=42"}],"curies":[{"name":"wp","href":"https:\/\/api.w.org\/{rel}","templated":true}]}}