{"id":39,"date":"2023-02-20T12:23:54","date_gmt":"2023-02-20T11:23:54","guid":{"rendered":"https:\/\/edycje.innywymiar.bialystok.pl\/2023\/?page_id=39"},"modified":"2023-09-29T08:28:41","modified_gmt":"2023-09-29T06:28:41","slug":"kontakt","status":"publish","type":"page","link":"https:\/\/edycje.innywymiar.bialystok.pl\/2023\/kontakt\/","title":{"rendered":"Kontakt"},"content":{"rendered":"<p><strong>Koordynator festiwalu:<\/strong><\/p>\n<p>Bia\u0142ostocki O\u015brodek Kultury<br \/>ul. Legionowa 5,<br \/>15-281 Bia\u0142ystok<br \/><a href=\"mailto:impresariat@bok.bialystok.pl\" target=\"_blank\" rel=\"noopener noreferrer\">impresariat@bok.bialystok.pl<\/a><br \/>NIP:\u00a0542-326-47-95<br \/>REGON:\u00a0366210700<br \/>Nr RIK:\u00a009\/17<\/p>\n<p>&nbsp;<\/p>\n<p><i>Bia\u0142ostocki O\u015brodek Kultury jest miejsk\u0105 instytucj\u0105 kultury.\u00a0<\/i><i>Festiwal realizowany ze \u015brodk\u00f3w Ministerstwa Kultury i Dziedzictwa Narodowego oraz Miasta Bia\u0142ystok, pod Honorowym Patronatem Prezydenta Miasta Bia\u0142egostoku.<\/i><\/p>\n","protected":false},"excerpt":{"rendered":"<p>Koordynator festiwalu: Bia\u0142ostocki O\u015brodek Kulturyul. Legionowa 5,15-281 Bia\u0142ystokimpresariat@bok.bialystok.plNIP:\u00a0542-326-47-95REGON:\u00a0366210700Nr RIK:\u00a009\/17 &nbsp; Bia\u0142ostocki O\u015brodek Kultury jest miejsk\u0105 instytucj\u0105 kultury.\u00a0Festiwal realizowany ze \u015brodk\u00f3w Ministerstwa Kultury i Dziedzictwa Narodowego&#8230;<\/p>\n","protected":false},"author":1,"featured_media":27,"parent":0,"menu_order":0,"comment_status":"closed","ping_status":"closed","template":"","meta":{"footnotes":""},"class_list":["post-39","page","type-page","status-publish","has-post-thumbnail","hentry"],"aioseo_notices":[],"_links":{"self":[{"href":"https:\/\/edycje.innywymiar.bialystok.pl\/2023\/wp-json\/wp\/v2\/pages\/39","targetHints":{"allow":["GET"]}}],"collection":[{"href":"https:\/\/edycje.innywymiar.bialystok.pl\/2023\/wp-json\/wp\/v2\/pages"}],"about":[{"href":"https:\/\/edycje.innywymiar.bialystok.pl\/2023\/wp-json\/wp\/v2\/types\/page"}],"author":[{"embeddable":true,"href":"https:\/\/edycje.innywymiar.bialystok.pl\/2023\/wp-json\/wp\/v2\/users\/1"}],"replies":[{"embeddable":true,"href":"https:\/\/edycje.innywymiar.bialystok.pl\/2023\/wp-json\/wp\/v2\/comments?post=39"}],"version-history":[{"count":2,"href":"https:\/\/edycje.innywymiar.bialystok.pl\/2023\/wp-json\/wp\/v2\/pages\/39\/revisions"}],"predecessor-version":[{"id":644,"href":"https:\/\/edycje.innywymiar.bialystok.pl\/2023\/wp-json\/wp\/v2\/pages\/39\/revisions\/644"}],"wp:featuredmedia":[{"embeddable":true,"href":"https:\/\/edycje.innywymiar.bialystok.pl\/2023\/wp-json\/wp\/v2\/media\/27"}],"wp:attachment":[{"href":"https:\/\/edycje.innywymiar.bialystok.pl\/2023\/wp-json\/wp\/v2\/media?parent=39"}],"curies":[{"name":"wp","href":"https:\/\/api.w.org\/{rel}","templated":true}]}}