{"id":17,"date":"2024-06-22T12:52:46","date_gmt":"2024-06-22T10:52:46","guid":{"rendered":"https:\/\/edycje.innywymiar.bialystok.pl\/2024\/?page_id=17"},"modified":"2024-08-06T12:18:13","modified_gmt":"2024-08-06T10:18:13","slug":"harmonogram","status":"publish","type":"page","link":"https:\/\/edycje.innywymiar.bialystok.pl\/2024\/harmonogram\/","title":{"rendered":"Harmonogram"},"content":{"rendered":"<p><strong>22-25 sierpnia 2024<\/strong><br \/><strong>wst\u0119p na wszystkie wydarzenia jest bezp\u0142atny, na niekt\u00f3re obowi\u0105zuj\u0105 zapisy<\/strong><\/p>\n<ul>\n<li><strong>22 sierpnia 2024 (czwartek)<\/strong>\n<ul>\n<li><strong>17:00<\/strong> <em><a href=\"https:\/\/edycje.innywymiar.bialystok.pl\/2024\/events\/via-transilvanica-wernisaz-wystawy-i-prezentacja\/\">Via Transilvanica<\/a> <\/em>\/ otwarcie wystawy plenerowej \/ wsp\u00f3\u0142org. Rumu\u0144ski Instytut Kultury w Warszawie <br \/>Rynek Ko\u015bciuszki<\/li>\n<li><strong>17:30 <\/strong><em><a href=\"https:\/\/edycje.innywymiar.bialystok.pl\/2024\/events\/via-transilvanica-wernisaz-wystawy-i-prezentacja\/\" target=\"_blank\" rel=\"noopener\">Via Transilvanica<\/a> \/ <\/em>prezentacja Ewy Chwa\u0142ko<em> \/ <\/em>wsp\u00f3\u0142org. Rumu\u0144ski Instytut Kultury w Warszawie <em><br \/><\/em>Galeria im. Sle\u0144dzi\u0144skich, Rynek Ko\u015bciuszki 4<\/li>\n<li><strong>18:30<\/strong> <a href=\"https:\/\/edycje.innywymiar.bialystok.pl\/2024\/events\/dominika-koszowska-lniany-recznik\/\">Dominika Koszowska: <em>Lniany r\u0119cznik<\/em><\/a> \/ otwarcie wystawy<br \/>Foyer Forum, ul. Legionowa 5<\/li>\n<li><strong>19:00<\/strong> <a href=\"https:\/\/edycje.innywymiar.bialystok.pl\/2024\/events\/subiektywna-ewidencja-obrazow-prezentacja-projektu\/\" target=\"_blank\" rel=\"noopener\">Maciej Giedroj\u0107-Juraha i Piotr Awramiuk: <em>Subiektywna Ewidencja Obraz\u00f3w<\/em><\/a> \/ prezentacja projektu<br \/>Skwer Ryszarda \u201cSkiby\u201d Skibi\u0144skiego<\/li>\n<li><strong>19:30<\/strong> <a href=\"https:\/\/edycje.innywymiar.bialystok.pl\/2024\/events\/marmo-momentum-live-act\/\">MARM\u00d8: <em>Momentum Live Act<\/em><\/a> \/ koncert<br \/>Sala Forum, ul. Legionowa 5<\/li>\n<li><strong>19:30<\/strong> <a href=\"https:\/\/edycje.innywymiar.bialystok.pl\/2024\/events\/marianna-oklejak-cuda-blisko-niedaleko\/\">Marianna Oklejak: <em>Cuda blisko, niedaleko <\/em><\/a>\/ otwarcie wystawy<br \/>BOK\/CLZ, ul. Warszawska 19<\/li>\n<li><strong>19:30<\/strong> <a href=\"https:\/\/edycje.innywymiar.bialystok.pl\/2024\/events\/sladami-bulhaka\/\">\u0141ukasz Kujawa, Wojciech Skowysz, Piotr \u0141ukaszuk, Krzysztof Wojno, Maciej Kupczy\u0144ski<em> &#8211; <\/em>\u00a0<em>\u015aladami Bu\u0142haka<\/em><\/a> \/ otwarcie wystawy <br \/>BOK\/CLZ, ul. Warszawska 19<\/li>\n<li><strong>20:30<\/strong> <a href=\"https:\/\/edycje.innywymiar.bialystok.pl\/2024\/events\/osoczniki-zemerwa-sergiusz-lukaszuk\/\">Osoczniki, \u017bemerwa, Sergiusz \u0141ukaszuk<\/a> \/ koncert<br \/>BOK\/CLZ, ul. Warszawska 19<\/li>\n<li><strong>21:30 <\/strong><a href=\"https:\/\/edycje.innywymiar.bialystok.pl\/2024\/events\/mir\/\">MIR<\/a> \/ koncert<br \/>Klub Fama, ul. Legionowa 5<\/li>\n<\/ul>\n<\/li>\n<\/ul>\n<ul>\n<li><strong>23 sierpnia 2024 (pi\u0105tek)<\/strong>\n<ul>\n<li><strong>17:00<\/strong> <a href=\"https:\/\/edycje.innywymiar.bialystok.pl\/2024\/events\/iulian-ignat-dadestar-chaveste-z-ojca-na-syna\/\">Iulian Ignat:<em> Dadestar Chaveste. Z ojca na syna <\/em><\/a>\/ otwarcie wystawy i spotkanie z artyst\u0105 \/ wsp\u00f3\u0142org. Rumu\u0144ski Instytut Kultury w Warszawie\u00a0<br \/>prowadzenie: Mi\u0142ka Malzahn<br \/>Klub Fama, ul. Legionowa 5<\/li>\n<li><strong>17:00<\/strong> <a href=\"https:\/\/edycje.innywymiar.bialystok.pl\/2024\/events\/warsztaty-plecionkarskie-bizuteria-ze-slomy\/\">Anna Deynega: Bi\u017cuteria ze s\u0142omy <\/a>\/ warsztaty plecionkarskie<br \/>BOK\/CLZ, ul. Warszawska 19, obowi\u0105zuj\u0105 zapisy<\/li>\n<li><strong>18:30<\/strong> <a href=\"https:\/\/edycje.innywymiar.bialystok.pl\/2024\/events\/anna-szafranowska-ziemio-ty-sliczna\/\">Anna Szafranowska: <em>Ziemio ty \u015bliczna<\/em><\/a>\u00a0\/ koncert<br \/>Bia\u0142ostocki Teatr Lalek, ul. Kalinowskiego 1<\/li>\n<li><strong>19:00<\/strong> <a href=\"https:\/\/edycje.innywymiar.bialystok.pl\/2024\/events\/grubson-marika\/\">Marika \/ Grubson\u00a0<\/a> \/ koncerty<br \/>Rynek Ko\u015bciuszki<\/li>\n<li><strong>19:00<\/strong> <a href=\"https:\/\/edycje.innywymiar.bialystok.pl\/2024\/events\/luteduo-plus\/\">Luteduo Plus<\/a> \/ koncert<br \/>Aula Magna Pa\u0142acu Branickich, ul. Kili\u0144skiego 1<\/li>\n<li><strong>22:00 <\/strong><a href=\"https:\/\/edycje.innywymiar.bialystok.pl\/2024\/events\/skubas\/\">Skubas<\/a> \/ koncert<br \/>Klub Fama, ul. Legionowa 5<\/li>\n<\/ul>\n<\/li>\n<\/ul>\n<ul>\n<li><strong>24 sierpnia 2024 (sobota)<\/strong>\n<ul>\n<li><strong>11:00<\/strong> <a href=\"https:\/\/edycje.innywymiar.bialystok.pl\/2024\/events\/teatr-male-mi-sokrates-w-piaskownicy\/\">Teatr Ma\u0142e Mi:<em> Sokrates w piaskownicy<\/em><\/a> \/ plenerowy spektakl familijny<br \/>M\u0142odzie\u017cowy Dom Kultury, ul. \u017babia 5<\/li>\n<li><strong>12:00<\/strong> <a href=\"https:\/\/edycje.innywymiar.bialystok.pl\/2024\/events\/osiedle-mickiewicza-andrzej-klopotowski\/\">Andrzej K\u0142opotowski:<em> Osiedle Mickiewicza <\/em><\/a> \/ spacer edukacyjny<br \/>zbi\u00f3rka obok przystanku nr 243 (skrzy\u017cowanie ulic Mickiewicza i Mi\u0142osza)<\/li>\n<li><strong>12:00<\/strong> <a href=\"https:\/\/edycje.innywymiar.bialystok.pl\/2024\/events\/rekodzielnia-styk-7-swiatow\/\">R\u0119kodzielnia STYK 7. \u015bwiat\u00f3w,<em> Motanki<\/em> <\/a>\/ warsztaty<br \/>BOK\/CLZ, ul. Warszawska 19, obowi\u0105zuj\u0105 zapisy<\/li>\n<li><strong>13:00<\/strong> <a href=\"https:\/\/edycje.innywymiar.bialystok.pl\/2024\/events\/maciejowa-kapela-kapelo-graj\/\">Maciejowa Kapela<\/a> \/ granie na osiedlu<br \/>Osiedle Piaski, ul. Weso\u0142a 10<\/li>\n<li><strong>14:00<\/strong> <a href=\"https:\/\/edycje.innywymiar.bialystok.pl\/2024\/events\/chlopomania-czy-powrot-do-zrodel\/\">Ch\u0142opomania czy powr\u00f3t do \u017ar\u00f3de\u0142?<\/a> \/ rozmowa o muzyce tradycyjnej<br \/>go\u015bcie: Weronika Grozdew-Ko\u0142aci\u0144ska, Katarzyna Rosik, Piotr K\u0119dziorek<br \/>moderacja: Julita Charytoniuk<br \/>BOK\/CLZ, ul. Warszawska 19<\/li>\n<li><strong>15:00<\/strong> <a href=\"https:\/\/edycje.innywymiar.bialystok.pl\/2024\/events\/teatr-male-mi-sokrates-w-piaskownicy\/\">Teatr Ma\u0142e Mi:<em> Sokrates w piaskownicy<\/em><\/a> \/ plenerowy spektakl familijny<br \/>Centrum Aktywno\u015bci Wielopokoleniowej przy SP nr 47 im. Jana K. Branickiego, ul. Palmowa 28<\/li>\n<li><strong>15:00<\/strong> <a href=\"https:\/\/edycje.innywymiar.bialystok.pl\/2024\/events\/maciejowa-kapela-kapelo-graj\/\">Maciejowa Kapela<\/a> \/ granie na osiedlu<br \/>Osiedle Antoniuk, ul Wierzbowa 9<\/li>\n<li><strong>16:00<\/strong> <a href=\"https:\/\/edycje.innywymiar.bialystok.pl\/2024\/events\/magiczne-podlasie-odczarowana-historia-regionu-dyskusja\/\">\u201e<em>Magiczne\u201d Podlasie<\/em> \u2013 odczarowana historia regionu<\/a> \/ dyskusja<br \/>panelistki: Aneta Prymaka- Oniszk, Paulina Siegie\u0144, Ewa Zwierzy\u0144ska<br \/>moderacja: Katarzyna Sawicka-Mierzy\u0144ska<br \/>BOK\/CLZ, ul. Warszawska 19<\/li>\n<li><strong>16:00<\/strong> <a href=\"https:\/\/edycje.innywymiar.bialystok.pl\/2024\/events\/jazzbaja-niedbala-sikora-przewoznak-trio\/\">Niedba\u0142a \/ Sikora \/ Przewo\u017aniak Trio i Ola Przewo\u017aniak: Jazzbaja<\/a> \/ koncert familijny<br \/>Bia\u0142ostocki Teatr Lalek, ul. Kalinowskiego 1<\/li>\n<li><strong>17:00 <\/strong><a href=\"https:\/\/edycje.innywymiar.bialystok.pl\/2024\/events\/szeptucha-zazula\/\">Szeptucha \/ Zazula<\/a> \/ koncerty<br \/>Rynek Ko\u015bciuszki<\/li>\n<li><strong>18:00 <\/strong><a href=\"https:\/\/edycje.innywymiar.bialystok.pl\/2024\/events\/libertate\/\"><em>Libertate<\/em>, re\u017c. Tudor Giurgiu<\/a> \/ film z prelekcj\u0105 Mi\u0142osza Stelmacha \/ wsp\u00f3\u0142org. Rumu\u0144ski Instytut Kultury w Warszawie\u00a0<br \/>Kino Forum, ul. Legionowa 5<\/li>\n<li><strong>20:00 <\/strong><a href=\"https:\/\/edycje.innywymiar.bialystok.pl\/2024\/events\/tappahall-runforrest\/\">Tappahall \/ Runforrest<\/a> \/ koncerty<br \/>Klub Fama, ul. Legionowa 5<\/li>\n<\/ul>\n<\/li>\n<\/ul>\n<ul>\n<li style=\"list-style-type: none;\">\u00a0<\/li>\n<li><strong>25 sierpnia 2024 (niedziela)<\/strong>\n<ul>\n<li><strong>11:00<\/strong> <a href=\"https:\/\/edycje.innywymiar.bialystok.pl\/2024\/events\/dawne-zabawki-ludowe-w-polsce\/\" target=\"_blank\" rel=\"noopener\">Mi\u0142ka Majczyno i Piotr Rogali\u0144ski: <em>Dawne zabawki ludowe w Polsce<\/em> <\/a>\/ spektakl familijny<br \/>Park Janiny Kurkowskiej-Spychajowej, ul. Szkolna<\/li>\n<li><strong>12:00<\/strong> <a href=\"https:\/\/edycje.innywymiar.bialystok.pl\/2024\/events\/bialostockie-nekropolis-sebastian-wicher\/\">Sebastian Wicher: <em>Bia\u0142ostockie nekropolis<\/em>\u00a0 <\/a> \/ spacer szlakiem dawnych cmentarzy<br \/>zbi\u00f3rka przy Galerii im. Sle\u0144dzi\u0144skich, Rynek Ko\u015bciuszki 4<\/li>\n<li><strong>13:00<\/strong> <a href=\"https:\/\/edycje.innywymiar.bialystok.pl\/2024\/events\/maciejowa-kapela-kapelo-graj\/\">Maciejowa Kapela<\/a> \/ granie na osiedlu <br \/>Osiedle Piasta, ul. Skorupska pomi\u0119dzy blokami nr 32 i 34<\/li>\n<li><strong>14:30<\/strong> <a href=\"https:\/\/edycje.innywymiar.bialystok.pl\/2024\/events\/maciejowa-kapela-kapelo-graj\/\">Maciejowa Kapela<\/a> \/ granie na osiedlu<br \/>Osiedle Sienkiewicza, ul. Fabryczna 22 (przy Stokrotce)<\/li>\n<li><strong>15:00<\/strong> <a href=\"https:\/\/edycje.innywymiar.bialystok.pl\/2024\/events\/dawne-zabawki-ludowe-w-polsce\/\" target=\"_blank\" rel=\"noopener\">Mi\u0142ka Majczyno i Piotr Rogali\u0144ski: <em>Dawne zabawki ludowe w Polsce<\/em><\/a> \/ spektakl familijny<br \/>altana w ogrodzie meczetu Muzu\u0142ma\u0144skiego Zwi\u0105zku Religijnego w RP, ul. Piastowska 13F<\/li>\n<li><strong>16:00 <\/strong><a href=\"https:\/\/edycje.innywymiar.bialystok.pl\/2024\/events\/rekultur-cz-divadlo-x10-cz-social-theatre-lab-by-stopover-europe-przystanek-europa\/\" target=\"_blank\" rel=\"noopener\">Rekultur, Divadlo X10 i Social Theatre Lab: <em>Stopover Europe \/ Przystanek Europa<\/em><\/a> \/ spektakl<br \/>Aula Wydzia\u0142u Nauk o Edukacji UwB, ul. \u015awierkowa 20C<\/li>\n<li><strong>17:00<\/strong> <a href=\"https:\/\/edycje.innywymiar.bialystok.pl\/2024\/events\/las\/\"><em>Las<\/em>, re\u017c. Lidia Duda<\/a> \/ film i spotkanie z re\u017cyserk\u0105 i bohaterami filmu<br \/>prowadzenie spotkania: Rafa\u0142 Paw\u0142owski<br \/>Kino Forum, ul. Legionowa 5<\/li>\n<li><strong>18:00<\/strong> <a href=\"https:\/\/edycje.innywymiar.bialystok.pl\/2024\/events\/partes\/\">Partes<\/a> \/ koncert<br \/>Cerkiew Hagia Sophia w Bia\u0142ymstoku, ul. Trawiasta 5<\/li>\n<li><strong>19:30\u00a0<\/strong><a href=\"https:\/\/edycje.innywymiar.bialystok.pl\/2024\/events\/oana-catalina-chitu-band\/\">Oana C\u0103t\u0103lina Chi\u021bu Band<\/a> \/ koncert \/ wsp\u00f3\u0142org. Rumu\u0144ski Instytut Kultury w Warszawie\u00a0<br \/>Klub Fama, ul. Legionowa 5<\/li>\n<li><strong>20:00<\/strong> <a href=\"https:\/\/edycje.innywymiar.bialystok.pl\/2024\/events\/mikromusic-kwiat-jabloni\/\">Mikromusic \/ Kwiat Jab\u0142oni<\/a> \/ koncerty<br \/>Rynek Ko\u015bciuszki<\/li>\n<\/ul>\n<\/li>\n<\/ul>\n<p>&nbsp;<\/p>\n<p>Dofinansowano ze \u015brodk\u00f3w <strong>Ministra Kultury i Dziedzictwa Narodowego<\/strong>\u00a0 i bud\u017cetu <strong>Miasta Bia\u0142egostoku<\/strong> w ramach projektu <strong>Wsch\u00f3d Kultury<\/strong> koordynowanego przez <strong>Narodowe Centrum Kultury<\/strong>.<\/p>\n<p>&nbsp;<\/p>\n","protected":false},"excerpt":{"rendered":"<p>22-25 sierpnia 2024wst\u0119p na wszystkie wydarzenia jest bezp\u0142atny, na niekt\u00f3re obowi\u0105zuj\u0105 zapisy 22 sierpnia 2024 (czwartek) 17:00 Via Transilvanica \/ otwarcie wystawy plenerowej \/ wsp\u00f3\u0142org&#8230;.<\/p>\n","protected":false},"author":1,"featured_media":33,"parent":0,"menu_order":0,"comment_status":"closed","ping_status":"closed","template":"","meta":{"footnotes":""},"class_list":["post-17","page","type-page","status-publish","has-post-thumbnail","hentry"],"aioseo_notices":[],"_links":{"self":[{"href":"https:\/\/edycje.innywymiar.bialystok.pl\/2024\/wp-json\/wp\/v2\/pages\/17","targetHints":{"allow":["GET"]}}],"collection":[{"href":"https:\/\/edycje.innywymiar.bialystok.pl\/2024\/wp-json\/wp\/v2\/pages"}],"about":[{"href":"https:\/\/edycje.innywymiar.bialystok.pl\/2024\/wp-json\/wp\/v2\/types\/page"}],"author":[{"embeddable":true,"href":"https:\/\/edycje.innywymiar.bialystok.pl\/2024\/wp-json\/wp\/v2\/users\/1"}],"replies":[{"embeddable":true,"href":"https:\/\/edycje.innywymiar.bialystok.pl\/2024\/wp-json\/wp\/v2\/comments?post=17"}],"version-history":[{"count":41,"href":"https:\/\/edycje.innywymiar.bialystok.pl\/2024\/wp-json\/wp\/v2\/pages\/17\/revisions"}],"predecessor-version":[{"id":385,"href":"https:\/\/edycje.innywymiar.bialystok.pl\/2024\/wp-json\/wp\/v2\/pages\/17\/revisions\/385"}],"wp:featuredmedia":[{"embeddable":true,"href":"https:\/\/edycje.innywymiar.bialystok.pl\/2024\/wp-json\/wp\/v2\/media\/33"}],"wp:attachment":[{"href":"https:\/\/edycje.innywymiar.bialystok.pl\/2024\/wp-json\/wp\/v2\/media?parent=17"}],"curies":[{"name":"wp","href":"https:\/\/api.w.org\/{rel}","templated":true}]}}