{"id":21,"date":"2025-06-14T19:20:00","date_gmt":"2025-06-14T17:20:00","guid":{"rendered":"https:\/\/edycje.innywymiar.bialystok.pl\/2025\/?page_id=21"},"modified":"2025-07-04T11:44:38","modified_gmt":"2025-07-04T09:44:38","slug":"dla-mediow","status":"publish","type":"page","link":"https:\/\/edycje.innywymiar.bialystok.pl\/2025\/dla-mediow\/","title":{"rendered":"Dla medi\u00f3w"},"content":{"rendered":"<p><strong>Informacje prasowe:<\/strong><\/p>\n<p><a href=\"http:\/\/edycje.innywymiar.bialystok.pl\/2025\/wp-content\/uploads\/sites\/10\/2025\/07\/festiwal-wschod-kultury-inny-wymiar-2025-informacja-prasowa.pdf\">Festiwal Wsch\u00f3d Kultury Inny Wymiar 2025 &#8211; informacja prasowa<\/a><\/p>\n<p><a href=\"http:\/\/edycje.innywymiar.bialystok.pl\/2025\/wp-content\/uploads\/sites\/10\/2025\/07\/festiwal-wschod-kultury-inny-wymiar-2025-ii-informacja-prasowa.pdf\">Festiwal Wsch\u00f3d Kultury Inny Wymiar 2025 &#8211; II informacja prasowa<\/a><\/p>\n<p><a href=\"http:\/\/edycje.innywymiar.bialystok.pl\/2025\/wp-content\/uploads\/sites\/10\/2025\/07\/festiwal-wschod-kultury-inny-wymiar-2025-program.pdf\">Festiwal Wsch\u00f3d Kultury Inny Wymiar 2025 &#8211; program<\/a><\/p>\n<p><img loading=\"lazy\" decoding=\"async\" class=\"alignnone size-medium wp-image-460\" src=\"http:\/\/edycje.innywymiar.bialystok.pl\/2025\/wp-content\/uploads\/sites\/10\/2025\/07\/festiwal-wschod-kultury-inny-wymiar-2025-plakat-333x480.png\" alt=\"\" width=\"333\" height=\"480\" srcset=\"https:\/\/edycje.innywymiar.bialystok.pl\/2025\/wp-content\/uploads\/sites\/10\/2025\/07\/festiwal-wschod-kultury-inny-wymiar-2025-plakat-333x480.png 333w, https:\/\/edycje.innywymiar.bialystok.pl\/2025\/wp-content\/uploads\/sites\/10\/2025\/07\/festiwal-wschod-kultury-inny-wymiar-2025-plakat-750x1080.png 750w, https:\/\/edycje.innywymiar.bialystok.pl\/2025\/wp-content\/uploads\/sites\/10\/2025\/07\/festiwal-wschod-kultury-inny-wymiar-2025-plakat-768x1106.png 768w, https:\/\/edycje.innywymiar.bialystok.pl\/2025\/wp-content\/uploads\/sites\/10\/2025\/07\/festiwal-wschod-kultury-inny-wymiar-2025-plakat-1067x1536.png 1067w, https:\/\/edycje.innywymiar.bialystok.pl\/2025\/wp-content\/uploads\/sites\/10\/2025\/07\/festiwal-wschod-kultury-inny-wymiar-2025-plakat-1423x2048.png 1423w, https:\/\/edycje.innywymiar.bialystok.pl\/2025\/wp-content\/uploads\/sites\/10\/2025\/07\/festiwal-wschod-kultury-inny-wymiar-2025-plakat.png 1613w\" sizes=\"auto, (max-width: 333px) 100vw, 333px\" \/><\/p>\n<p>Do pobrania: <a href=\"http:\/\/edycje.innywymiar.bialystok.pl\/2025\/wp-content\/uploads\/sites\/10\/2025\/07\/wschod-kultury-inny-wymiar-plakat.pdf\">Wschod Kultury Inny Wymiar &#8211; plakat<\/a><\/p>\n<p><img loading=\"lazy\" decoding=\"async\" class=\"alignnone size-medium wp-image-462\" src=\"http:\/\/edycje.innywymiar.bialystok.pl\/2025\/wp-content\/uploads\/sites\/10\/2025\/07\/festiwal-wschod-kultury-inny-wymiar-2025-plakat-2-333x480.jpg\" alt=\"\" width=\"333\" height=\"480\" srcset=\"https:\/\/edycje.innywymiar.bialystok.pl\/2025\/wp-content\/uploads\/sites\/10\/2025\/07\/festiwal-wschod-kultury-inny-wymiar-2025-plakat-2-333x480.jpg 333w, https:\/\/edycje.innywymiar.bialystok.pl\/2025\/wp-content\/uploads\/sites\/10\/2025\/07\/festiwal-wschod-kultury-inny-wymiar-2025-plakat-2-750x1080.jpg 750w, https:\/\/edycje.innywymiar.bialystok.pl\/2025\/wp-content\/uploads\/sites\/10\/2025\/07\/festiwal-wschod-kultury-inny-wymiar-2025-plakat-2-768x1106.jpg 768w, https:\/\/edycje.innywymiar.bialystok.pl\/2025\/wp-content\/uploads\/sites\/10\/2025\/07\/festiwal-wschod-kultury-inny-wymiar-2025-plakat-2-1067x1536.jpg 1067w, https:\/\/edycje.innywymiar.bialystok.pl\/2025\/wp-content\/uploads\/sites\/10\/2025\/07\/festiwal-wschod-kultury-inny-wymiar-2025-plakat-2.jpg 1209w\" sizes=\"auto, (max-width: 333px) 100vw, 333px\" \/><\/p>\n<p>Do pobrania: <a href=\"http:\/\/edycje.innywymiar.bialystok.pl\/2025\/wp-content\/uploads\/sites\/10\/2025\/07\/wschod-kultury-inny-wymiar-plakat-2.pdf\">Wschod Kultury Inny Wymiar &#8211; plakat 2<\/a><\/p>\n","protected":false},"excerpt":{"rendered":"<p>Informacje prasowe: Festiwal Wsch\u00f3d Kultury Inny Wymiar 2025 &#8211; informacja prasowa Festiwal Wsch\u00f3d Kultury Inny Wymiar 2025 &#8211; II informacja prasowa Festiwal Wsch\u00f3d Kultury Inny&#8230;<\/p>\n","protected":false},"author":1,"featured_media":11,"parent":0,"menu_order":0,"comment_status":"closed","ping_status":"closed","template":"","meta":{"footnotes":""},"class_list":["post-21","page","type-page","status-publish","has-post-thumbnail","hentry"],"aioseo_notices":[],"_links":{"self":[{"href":"https:\/\/edycje.innywymiar.bialystok.pl\/2025\/wp-json\/wp\/v2\/pages\/21","targetHints":{"allow":["GET"]}}],"collection":[{"href":"https:\/\/edycje.innywymiar.bialystok.pl\/2025\/wp-json\/wp\/v2\/pages"}],"about":[{"href":"https:\/\/edycje.innywymiar.bialystok.pl\/2025\/wp-json\/wp\/v2\/types\/page"}],"author":[{"embeddable":true,"href":"https:\/\/edycje.innywymiar.bialystok.pl\/2025\/wp-json\/wp\/v2\/users\/1"}],"replies":[{"embeddable":true,"href":"https:\/\/edycje.innywymiar.bialystok.pl\/2025\/wp-json\/wp\/v2\/comments?post=21"}],"version-history":[{"count":6,"href":"https:\/\/edycje.innywymiar.bialystok.pl\/2025\/wp-json\/wp\/v2\/pages\/21\/revisions"}],"predecessor-version":[{"id":471,"href":"https:\/\/edycje.innywymiar.bialystok.pl\/2025\/wp-json\/wp\/v2\/pages\/21\/revisions\/471"}],"wp:featuredmedia":[{"embeddable":true,"href":"https:\/\/edycje.innywymiar.bialystok.pl\/2025\/wp-json\/wp\/v2\/media\/11"}],"wp:attachment":[{"href":"https:\/\/edycje.innywymiar.bialystok.pl\/2025\/wp-json\/wp\/v2\/media?parent=21"}],"curies":[{"name":"wp","href":"https:\/\/api.w.org\/{rel}","templated":true}]}}