{"id":25,"date":"2025-06-14T19:22:43","date_gmt":"2025-06-14T17:22:43","guid":{"rendered":"https:\/\/edycje.innywymiar.bialystok.pl\/2025\/?page_id=25"},"modified":"2025-07-10T13:29:35","modified_gmt":"2025-07-10T11:29:35","slug":"program","status":"publish","type":"page","link":"https:\/\/edycje.innywymiar.bialystok.pl\/2025\/program\/","title":{"rendered":"Program"},"content":{"rendered":"<h3><strong>13. Festiwal Wsch\u00f3d Kultury \/ Inny Wymiar<br \/>Bia\u0142ystok, 10-13 lipca 2025<\/strong><\/h3>\n<p>&nbsp;<\/p>\n<p><strong>10 LIPCA 2025<\/strong><\/p>\n<p><strong>17:00<\/strong> \u2013 spektakl <a href=\"https:\/\/edycje.innywymiar.bialystok.pl\/2025\/events\/dziewczyno-takie-konfundujace-rez-weronika-szczawinska\/\"><strong>Dziewczyno, takie konfunduj\u0105ce, re\u017c. Weronika Szczawi\u0144ska<\/strong><\/a><br \/>Akademia Teatralna im. Aleksandra Zelwerowicza w Warszawie \u2013 Filia w Bia\u0142ymstoku, ul. H. Sienkiewicza 14<br \/>telefoniczna rezerwacja miejsc<strong> (ZAPISY ZAMKNI\u0118TE, brak miejsc)<\/strong><\/p>\n<p><strong>19:00<\/strong> \u2013 koncert premierowy Wsch\u00f3d Kultury\/Inny Wymiar x Mi\u0119dzynarodowy Festiwal Muzyki Europy \u015arodkowo-Wschodniej Eufonie<br \/><a href=\"https:\/\/edycje.innywymiar.bialystok.pl\/2025\/events\/stefan-wesolowski-z-zespolem-song-of-the-night-mists\/\"><strong>Stefan Weso\u0142owski z zespo\u0142em: Song of the Night Mists<\/strong><\/a><br \/>Sala koncertowa ZSM, ul. Podle\u015bna 2<\/p>\n<p><strong>20:30<\/strong> \u2013 otwarcie wystawy <a href=\"https:\/\/edycje.innywymiar.bialystok.pl\/2025\/events\/augustinas-savickas-malarstwo\/\"><strong>Augustinas Savickas. Malarstwo<\/strong><\/a><br \/>Centrum im. Ludwika Zamenhofa, ul. Warszawska 19<\/p>\n<p><strong>21:00<\/strong> \u2013 koncert <a href=\"https:\/\/edycje.innywymiar.bialystok.pl\/2025\/events\/sam-kowalski\/\"><strong>Sam Kowalski<\/strong><\/a><br \/>Klub Fama, ul. Legionowa 5 (uwaga! koncert przeniesiony z Centrum im. Ludwika Zamenhofa)<\/p>\n<p><strong>22:00<\/strong> \u2013 instalacja artystyczna <a href=\"https:\/\/edycje.innywymiar.bialystok.pl\/2025\/events\/miss-god-east-voices\/\"><strong>Miss God: EAST VOICES<\/strong><\/a><br \/>Centrum im. Ludwika Zamenhofa, ul. Warszawska 19 (uwaga! wydarzenie przeniesione z R\u00f3\u017canki w Parku Planty)<\/p>\n<p>&nbsp;<\/p>\n<p><strong>11 LIPCA 2025<\/strong><\/p>\n<p><strong>18:00<\/strong> \u2013 otwarcie wystawy i spotkanie z autorem <a href=\"https:\/\/edycje.innywymiar.bialystok.pl\/2025\/events\/krzysztof-karpinski-euforie\/\"><strong>Krzysztof Karpi\u0144ski: Euforie<\/strong><\/a><br \/>Foyer kina Forum \/ Klub Fama, ul. Legionowa 5<\/p>\n<p><strong>19:15<\/strong> \u2013 koncert organowy <a href=\"https:\/\/edycje.innywymiar.bialystok.pl\/2025\/events\/pawel-wrobel\/\"><strong>Pawe\u0142 Wr\u00f3bel<\/strong><\/a><br \/>Bazylika archikatedralna Wniebowzi\u0119cia NMP w Bia\u0142ymstoku, ul. Ko\u015bcielna 2<\/p>\n<p><strong>20:00<\/strong> \u2013 koncert <a href=\"https:\/\/edycje.innywymiar.bialystok.pl\/2025\/events\/dance-of-fire-quartet\/\"><strong>Dance of Fire Quartet<\/strong><\/a><br \/>Centrum im. Ludwika Zamenhofa, ul. Warszawska 19<\/p>\n<p><strong>22:00<\/strong> \u2013 plenerowy pokaz filmu <a href=\"https:\/\/edycje.innywymiar.bialystok.pl\/2025\/events\/na-nabrzezach-plenerowy-pokaz-filmu-z-prelekcja-sebastiana-smolinskiego-70-rocznica-przyznania-oscara-borisowi-kaufmanowi\/\"><strong>Na nabrze\u017cach \/ On the Waterfront<\/strong><\/a>, re\u017c. Elia Kazan (USA 1954, 100\u2032) <strong>+ prelekcja Sebastiana Smoli\u0144skiego<\/strong> \/ 70. rocznica przyznania Oscara Borisowi Kaufmanowi<br \/>Plac przed Teatrem Dramatycznym, ul. Elektryczna 12<\/p>\n<p><strong>12 LIPCA 2025<\/strong><\/p>\n<p><strong>10:00<\/strong> \u2013 spektakl familijny <a href=\"https:\/\/edycje.innywymiar.bialystok.pl\/2025\/events\/teatr-sluchaj-uchem-kusy-janek\/\"><strong>Teatr S\u0142uchaj Uchem: Kusy Janek<\/strong><\/a><br \/>altana w ogrodzie meczetu Muzu\u0142ma\u0144skiego Zwi\u0105zku Religijnego w RP, ul. Piastowska 13F<\/p>\n<p><strong>12:00<\/strong> \u2013 koncert familijny <a href=\"https:\/\/edycje.innywymiar.bialystok.pl\/2025\/events\/karolina-cicha-spolka-koncertowa-podroz-do-krainy-dziecinstwa\/\"><strong>Karolina Cicha &amp; Sp\u00f3\u0142ka<\/strong> <strong>\u2013 koncertowa podr\u00f3\u017c do krainy dzieci\u0144stwa<\/strong><\/a><br \/>Centrum im. Ludwika Zamenhofa, ul. Warszawska 19<\/p>\n<p><strong>13:00<\/strong> \u2013 warsztaty <a href=\"https:\/\/edycje.innywymiar.bialystok.pl\/2025\/events\/beata-palikot-borowska-utkaj-warsztaty\/\"><strong>Beata Palikot-Borowska: uTKAJ<\/strong><\/a><br \/>telefoniczna rezerwacja miejsc <strong>(ZAPISY ZAMKNI\u0118TE, brak miejsc)<\/strong><br \/>Centrum im. Ludwika Zamenhofa, ul. Warszawska 19<\/p>\n<p><strong>14:00<\/strong> \u2013 warsztaty taneczne <a href=\"https:\/\/edycje.innywymiar.bialystok.pl\/2025\/events\/hraybery\/\"><strong>HrayBery<\/strong><\/a><br \/>telefoniczna rezerwacja miejsc od 17.06 od godz. 10:00 \u2013 tel. 85 67 67 367<br \/>M\u0142ynowa, ul. M\u0142ynowa 6<\/p>\n<p><strong>15:00<\/strong> \u2013 spektakl familijny <a href=\"https:\/\/edycje.innywymiar.bialystok.pl\/2025\/events\/teatr-sluchaj-uchem-kusy-janek\/\"><strong>Teatr S\u0142uchaj Uchem: Kusy Janek<\/strong><\/a><br \/>Centrum Aktywno\u015bci Wielopokoleniowej przy SP Nr 47 im. Jana Klemensa, ul. Palmowa 28<\/p>\n<p><strong>15:00<\/strong> \u2013 spotkanie promocyjne ksi\u0105\u017cki <a href=\"https:\/\/edycje.innywymiar.bialystok.pl\/2025\/events\/na-tatarskim-szlaku-historie-opowiedziane\/\"><strong>Na tatarskim szlaku. Historie opowiedziane<\/strong><\/a><br \/>Centrum im. Ludwika Zamenhofa, ul. Warszawska 19<\/p>\n<p><strong>17:00<\/strong> \u2013 pokaz filmu <a href=\"https:\/\/edycje.innywymiar.bialystok.pl\/2025\/events\/pod-powierzchnia-spotkanie-z-tworcami\/\"><strong>Pod powierzchni\u0105 \/ Bedrock<\/strong><\/a>, re\u017c. Kinga Michalska (Kanada 2025, 102\u2032) <strong>+ spotkanie z tw\u00f3rcami<\/strong><br \/>Kino Forum, ul. Legionowa 5<\/p>\n<p><strong>19:00<\/strong> \u2013 koncert <a href=\"https:\/\/edycje.innywymiar.bialystok.pl\/2025\/events\/michal-baranski-masovian-mantra\/\"><strong>Micha\u0142 Bara\u0144ski: Masovian Mantra<\/strong><\/a><br \/>Nie Teatr, ul. H. Sienkiewicza 4<\/p>\n<p><strong>20:30<\/strong> \u2013 koncert<a href=\"https:\/\/edycje.innywymiar.bialystok.pl\/2025\/events\/lua-preta-swda-x-niczos\/\"> <strong>Lua Preta \/ Sw@da x Niczos<\/strong><\/a><br \/>Rynek Ko\u015bciuszki<\/p>\n<p><strong>22:00<\/strong> \u2013 koncert<a href=\"https:\/\/edycje.innywymiar.bialystok.pl\/2025\/events\/rysy-live-support-i-cant-swim-dj-set\/\"><strong>\u00a0Rysy live \/ suport: I Can\u2019t Swim dj set<\/strong><\/a><br \/>Klub Fama, ul. Legionowa 5<\/p>\n<p><strong>Wydarzenie towarzysz\u0105ce:<\/strong> <a href=\"https:\/\/edycje.innywymiar.bialystok.pl\/2025\/news-item\/strefa-narodowego-programu-rozwoju-czytelnictwa-2-0-na-festiwalu-inny-wymiar\/\" target=\"_blank\" rel=\"noopener\">Strefa Narodowego Programu Rozwoju Czytelnictwa 2.0<\/a><br \/><strong>godz. 15:00-20:00, Skwer Ryszarda \u201eSkiby\u201d Skibi\u0144skiego (ul. Legionowa 5), wst\u0119p wolny<\/strong>\u00a0<\/p>\n<p><strong>13 LIPCA 2025<\/strong><\/p>\n<p><strong>10:00<\/strong> \u2013 spacer edukacyjny<a href=\"http:\/\/edycje.innywymiar.bialystok.pl\/2025\/events\/andrzej-klopotowski-sady-antoniukowskie\/\"> <strong>Andrzej K\u0142opotowski: Sady Antoniukowskie<\/strong><\/a><br \/>miejsce zbi\u00f3rki: most nad rzek\u0105 Bia\u0142\u0105 w ci\u0105gu ulic Antoniukowskiej i Antoniuk Fabryczny<\/p>\n<p><strong>11:00<\/strong> \u2013 spektakl familijny <a href=\"https:\/\/edycje.innywymiar.bialystok.pl\/2025\/events\/teatr-animacji-falkoshow-ballada-cyganska\/\"><strong>Teatr Animacji FALKOSHOW: Ballada cyga\u0144ska<\/strong><\/a><br \/>Galeria im. Slendzi\u0144skich, ul. Wiktorii 5<\/p>\n<p><strong>12:00<\/strong> \u2013 warsztaty <a href=\"http:\/\/edycje.innywymiar.bialystok.pl\/2025\/events\/agnieszka-dembowska-bukiet-z-moca\/\"><strong>Agnieszka Dembowska: Bukiet z moc\u0105<\/strong><\/a><br \/>telefoniczna rezerwacja miejsc <strong>(ZAPISY ZAMKNI\u0118TE, brak miejsc)<\/strong><br \/>Centrum im. Ludwika Zamenhofa, ul. Warszawska 19<\/p>\n<p><strong>13:00<\/strong> \u2013 wyk\u0142ad <a href=\"https:\/\/edycje.innywymiar.bialystok.pl\/2025\/events\/krzysztof-bielawski-zydowskie-cmentarze-i-zwyczaje-pogrzebowe\/\"><strong>Krzysztof Bielawski: \u017bydowskie cmentarze i zwyczaje pogrzebowe<\/strong><\/a><br \/>Centrum im. Ludwika Zamenhofa, ul. Warszawska 19<\/p>\n<p><strong>14:00<\/strong> \u2013 warsztaty pie\u015bni nabo\u017cnych <a href=\"https:\/\/edycje.innywymiar.bialystok.pl\/2025\/events\/memento-mori-dance-club\/\"><strong>Memento Mori Dance Club<\/strong><\/a><br \/>telefoniczna rezerwacja miejsc od 17.06 od godz. 10:00 \u2013 tel. 85 67 67 367<br \/>Klub Fama, ul. Legionowa 5<\/p>\n<p><strong>15:00<\/strong> \u2013 warsztaty <a href=\"https:\/\/edycje.innywymiar.bialystok.pl\/2025\/events\/krzysztof-bielawski-co-mowia-macewy\/\"><strong>Krzysztof Bielawski: <\/strong><strong>Co m\u00f3wi\u0105 macewy?<\/strong><\/a><br \/>telefoniczna rezerwacja miejsc od 17.06 od godz. 10:00 \u2013 tel. 85 67 67 367<br \/>Cmentarz \u017cydowski, ul. Wschodnia<\/p>\n<p><strong>15:00<\/strong> \u2013 spektakl familijny <a href=\"https:\/\/edycje.innywymiar.bialystok.pl\/2025\/events\/teatr-animacji-falkoshow-ballada-cyganska\/\"><strong>Teatr Animacji FALKOSHOW: Ballada cyga\u0144ska<\/strong><\/a><br \/>Muzeum Rze\u017aby Alfonsa Karnego Oddzia\u0142 Muzeum Podlaskiego w Bia\u0142ymstoku, ul. \u015awi\u0119toja\u0144ska 17<\/p>\n<p><strong>15:00<\/strong> \u2013 dyskusja <a href=\"https:\/\/edycje.innywymiar.bialystok.pl\/2025\/events\/polacy-na-wschodzie-miedzy-tozsamoscia-a-przynaleznoscia\/\"><strong>Polacy na Wschodzie \u2013 mi\u0119dzy to\u017csamo\u015bci\u0105 a przynale\u017cno\u015bci\u0105<\/strong><\/a><br \/>Centrum im. Ludwika Zamenhofa, ul. Warszawska 19<\/p>\n<p><strong>16:30<\/strong> \u2013 koncert\/pota\u0144c\u00f3wka <a href=\"https:\/\/edycje.innywymiar.bialystok.pl\/2025\/events\/hraybery-2\/\"><strong>HrayBery<\/strong><\/a><br \/>M\u0142ynowa, ul. M\u0142ynowa 6<\/p>\n<p><strong>17:00<\/strong> \u2013 spektakl <a href=\"https:\/\/edycje.innywymiar.bialystok.pl\/2025\/events\/helena-rez-magdalena-dabrowska\/\"><strong>Helena, re\u017c. Magdalena D\u0105browska<\/strong><\/a><br \/>Akademia Teatralna im. Aleksandra Zelwerowicza w Warszawie \u2013 Filia w Bia\u0142ymstoku, ul. H. Sienkiewicza 14<br \/>telefoniczna rezerwacja miejsc<strong> (ZAPISY ZAMKNI\u0118TE, brak miejsc)<\/strong><\/p>\n<p><strong>18:00<\/strong> \u2013 koncert\/pota\u0144c\u00f3wka <a href=\"https:\/\/edycje.innywymiar.bialystok.pl\/2025\/events\/memento-mori-dance-club-2\/\"><strong>Memento Mori Dance Club<\/strong><\/a><br \/>M\u0142ynowa, ul. M\u0142ynowa 6<\/p>\n<p><strong>20:00<\/strong> \u2013 koncerty <a href=\"https:\/\/edycje.innywymiar.bialystok.pl\/2025\/events\/vbs-live-band-paktofonika-live-band\/\" target=\"_blank\" rel=\"noopener\"><strong>VBS + Live Band \/ PAKTOFONIKA + live band<\/strong><\/a><br \/>Rynek Ko\u015bciuszki<\/p>\n","protected":false},"excerpt":{"rendered":"<p>13. Festiwal Wsch\u00f3d Kultury \/ Inny WymiarBia\u0142ystok, 10-13 lipca 2025 &nbsp; 10 LIPCA 2025 17:00 \u2013 spektakl Dziewczyno, takie konfunduj\u0105ce, re\u017c. Weronika Szczawi\u0144skaAkademia Teatralna im&#8230;.<\/p>\n","protected":false},"author":1,"featured_media":16,"parent":0,"menu_order":0,"comment_status":"closed","ping_status":"closed","template":"","meta":{"footnotes":""},"class_list":["post-25","page","type-page","status-publish","has-post-thumbnail","hentry"],"aioseo_notices":[],"_links":{"self":[{"href":"https:\/\/edycje.innywymiar.bialystok.pl\/2025\/wp-json\/wp\/v2\/pages\/25","targetHints":{"allow":["GET"]}}],"collection":[{"href":"https:\/\/edycje.innywymiar.bialystok.pl\/2025\/wp-json\/wp\/v2\/pages"}],"about":[{"href":"https:\/\/edycje.innywymiar.bialystok.pl\/2025\/wp-json\/wp\/v2\/types\/page"}],"author":[{"embeddable":true,"href":"https:\/\/edycje.innywymiar.bialystok.pl\/2025\/wp-json\/wp\/v2\/users\/1"}],"replies":[{"embeddable":true,"href":"https:\/\/edycje.innywymiar.bialystok.pl\/2025\/wp-json\/wp\/v2\/comments?post=25"}],"version-history":[{"count":35,"href":"https:\/\/edycje.innywymiar.bialystok.pl\/2025\/wp-json\/wp\/v2\/pages\/25\/revisions"}],"predecessor-version":[{"id":489,"href":"https:\/\/edycje.innywymiar.bialystok.pl\/2025\/wp-json\/wp\/v2\/pages\/25\/revisions\/489"}],"wp:featuredmedia":[{"embeddable":true,"href":"https:\/\/edycje.innywymiar.bialystok.pl\/2025\/wp-json\/wp\/v2\/media\/16"}],"wp:attachment":[{"href":"https:\/\/edycje.innywymiar.bialystok.pl\/2025\/wp-json\/wp\/v2\/media?parent=25"}],"curies":[{"name":"wp","href":"https:\/\/api.w.org\/{rel}","templated":true}]}}